{"id":12767,"date":"2023-03-08T09:43:00","date_gmt":"2023-03-08T09:43:00","guid":{"rendered":"https:\/\/www.x4-technology.com\/?page_id=12767"},"modified":"2023-03-14T15:24:09","modified_gmt":"2023-03-14T15:24:09","slug":"consumer-markets","status":"publish","type":"page","link":"https:\/\/www.x4-technology.com\/de\/kundendienste\/consumer-markets\/","title":{"rendered":"Consumer Markets"},"content":{"rendered":"<div class=\"wpb-content-wrapper\"><p>[vc_row full_width=&#8220;stretch_row&#8220; equal_height=&#8220;yes&#8220; content_placement=&#8220;middle&#8220; el_class=&#8220;page-top text-split&#8220; el_id=&#8220;banner&#8220;][vc_column css_animation=&#8220;fadeInUp&#8220; width=&#8220;1\/2&#8243; el_class=&#8220;text-col&#8220;][vc_raw_html]JTNDaDElM0VDb25zdW1lciUyME1hcmtldHMlM0MlMkZoMSUzRSUwQSUwQSUzQ3AlMjBjbGFzcyUzRCUyMmZ1bGwlMjIlM0VXaXIlMjB3aWRtZW4lMjB1bnMlMjBkZXIlMjBVbnRlcnN0JUMzJUJDdHp1bmclMjB2b24lMjBVbnRlcm5laG1lbiUyMGltJTIwZHluYW1pc2NoZW4lMjB1bmQlMjBzaWNoJTIwc3QlQzMlQTRuZGlnJTIwd2VpdGVyZW50d2lja2VsbmRlbiUyMFZlcmJyYXVjaGVybSVDMyVBNHJrdGVuLUJlcmVpY2guJTIwV2lyJTIwdmVyc3RlaGVuJTIwZGllJTIwQmVkZXV0dW5nJTIwZWluZXMlMjB0YWxlbnRpZXJ0ZW4lMjB1bmQlMjBmJUMzJUE0aGlnZW4lMjBUZWFtcyUyMHVuZCUyMGRlc2hhbGIlMjBhcmJlaXRlbiUyMHdpciUyMG1pdCUyMGYlQzMlQkNocmVuZGVuJTIwT3JnYW5pc2F0aW9uZW4lMjBpbiUyMGRlciUyMEJyYW5jaGUlMjB6dXNhbW1lbiUyQyUyMHVtJTIwZGllJTIwYmVzdGVuJTIwVGFsZW50ZSUyMGYlQzMlQkNyJTIwSWhyZSUyMEdlc2NoJUMzJUE0ZnRzYW5mb3JkZXJ1bmdlbiUyMHp1JTIwaWRlbnRpZml6aWVyZW4lMjB1bmQlMjB6dSUyMGdld2lubmVuLiUyMCUzQyUyRnAlM0UlMEElMEElMEE=[\/vc_raw_html][\/vc_column][vc_column width=&#8220;1\/2&#8243;][\/vc_column][\/vc_row][vc_row equal_height=&#8220;yes&#8220; content_placement=&#8220;middle&#8220; el_class=&#8220;text-split padded&#8220;][vc_column css_animation=&#8220;fadeInUp&#8220; width=&#8220;2\/3&#8243; el_class=&#8220;text-col&#8220;][vc_raw_html el_class=&#8220;specialisms-block&#8220;]JTNDaDMlM0VTcGV6aWFsaXNpZXJ1bmdlbiUzQyUyRmgzJTNFJTBBJTBBJTNDdWwlM0UlMEElM0NsaSUzRURpZ2l0YWwlMkMlMjBNZWRpYSUyMCUyNiUyMEVudGVydGFpbm1lbnQlM0MlMkZsaSUzRSUwQSUzQ2xpJTNFQ29uc3VtZXIlMjBQcm9kdWN0cyUyMCUzQyUyRmxpJTNFJTBBJTNDbGklM0VMZWlzdXJlJTIwJTI2JTIwSG9zcGl0YWxpdHklMjAlM0MlMkZsaSUzRSUwQSUzQ2xpJTNFRS1Db21tZXJjZSUyMCUzQyUyRmxpJTNFJTBBJTNDJTJGdWwlM0U=[\/vc_raw_html][vc_raw_html el_class=&#8220;specialisms-block&#8220;]JTNDaDMlM0VQb3NpdGlvbmVuJTNDJTJGaDMlM0UlMEElMEElM0N1bCUzRSUwQSUzQ2xpJTNFRGV2ZWxvcG1lbnQlMjAlMjYlMjBRQSUzQyUyRmxpJTNFJTBBJTNDbGklM0VEYXRhJTIwJTI2JTIwQW5hbHl0aWNzJTNDJTJGbGklM0UlMEElM0NsaSUzRUVtYmVkZGVkJTIwJTI2JTIwRWxlY3Ryb25pY3MlM0MlMkZsaSUzRSUwQSUzQ2xpJTNFU2VjdXJpdHklMkMlMjBDbG91ZCUyMCUyNiUyMEluZnJhJTNDJTJGbGklM0UlMEElM0NsaSUzRVByb2plY3QlMjBNYW5hZ2VtZW50JTNDJTJGbGklM0UlMEElM0NsaSUzRU9wZXJhdGlvbnMlM0MlMkZsaSUzRSUwQSUzQ2xpJTNFUHJvZHVjdCUyMCUyNiUyMERlc2lnbiUzQyUyRmxpJTNFJTBBJTNDbGklM0VDaGFuZ2UlMjAlMjYlMjBUcmFuc2Zvcm1hdGlvbiUzQyUyRmxpJTNFJTBBJTNDbGklM0VFeGVjdXRpdmUlMjAlMjYlMjBMZWFkZXJzaGlwJTIwJTNDJTJGbGklM0UlMEElM0MlMkZ1bCUzRQ==[\/vc_raw_html][\/vc_column][vc_column width=&#8220;1\/3&#8243;][\/vc_column][\/vc_row]<\/p>\n<\/div>","protected":false},"excerpt":{"rendered":"<p>[vc_row full_width=&#8220;stretch_row&#8220; equal_height=&#8220;yes&#8220; content_placement=&#8220;middle&#8220; el_class=&#8220;page-top text-split&#8220; el_id=&#8220;banner&#8220;][vc_column css_animation=&#8220;fadeInUp&#8220; width=&#8220;1\/2&#8243; el_class=&#8220;text-col&#8220;][vc_raw_html]JTNDaDElM0VDb25zdW1lciUyME1hcmtldHMlM0MlMkZoMSUzRSUwQSUwQSUzQ3AlMjBjbGFzcyUzRCUyMmZ1bGwlMjIlM0VXaXIlMjB3aWRtZW4lMjB1bnMlMjBkZXIlMjBVbnRlcnN0JUMzJUJDdHp1bmclMjB2b24lMjBVbnRlcm5laG1lbiUyMGltJTIwZHluYW1pc2NoZW4lMjB1bmQlMjBzaWNoJTIwc3QlQzMlQTRuZGlnJTIwd2VpdGVyZW50d2lja2VsbmRlbiUyMFZlcmJyYXVjaGVybSVDMyVBNHJrdGVuLUJlcmVpY2guJTIwV2lyJTIwdmVyc3RlaGVuJTIwZGllJTIwQmVkZXV0dW5nJTIwZWluZXMlMjB0YWxlbnRpZXJ0ZW4lMjB1bmQlMjBmJUMzJUE0aGlnZW4lMjBUZWFtcyUyMHVuZCUyMGRlc2hhbGIlMjBhcmJlaXRlbiUyMHdpciUyMG1pdCUyMGYlQzMlQkNocmVuZGVuJTIwT3JnYW5pc2F0aW9uZW4lMjBpbiUyMGRlciUyMEJyYW5jaGUlMjB6dXNhbW1lbiUyQyUyMHVtJTIwZGllJTIwYmVzdGVuJTIwVGFsZW50ZSUyMGYlQzMlQkNyJTIwSWhyZSUyMEdlc2NoJUMzJUE0ZnRzYW5mb3JkZXJ1bmdlbiUyMHp1JTIwaWRlbnRpZml6aWVyZW4lMjB1bmQlMjB6dSUyMGdld2lubmVuLiUyMCUzQyUyRnAlM0UlMEElMEElMEE=[\/vc_raw_html][\/vc_column][vc_column width=&#8220;1\/2&#8243;][\/vc_column][\/vc_row][vc_row equal_height=&#8220;yes&#8220; content_placement=&#8220;middle&#8220; el_class=&#8220;text-split padded&#8220;][vc_column css_animation=&#8220;fadeInUp&#8220; width=&#8220;2\/3&#8243; el_class=&#8220;text-col&#8220;][vc_raw_html el_class=&#8220;specialisms-block&#8220;]JTNDaDMlM0VTcGV6aWFsaXNpZXJ1bmdlbiUzQyUyRmgzJTNFJTBBJTBBJTNDdWwlM0UlMEElM0NsaSUzRURpZ2l0YWwlMkMlMjBNZWRpYSUyMCUyNiUyMEVudGVydGFpbm1lbnQlM0MlMkZsaSUzRSUwQSUzQ2xpJTNFQ29uc3VtZXIlMjBQcm9kdWN0cyUyMCUzQyUyRmxpJTNFJTBBJTNDbGklM0VMZWlzdXJlJTIwJTI2JTIwSG9zcGl0YWxpdHklMjAlM0MlMkZsaSUzRSUwQSUzQ2xpJTNFRS1Db21tZXJjZSUyMCUzQyUyRmxpJTNFJTBBJTNDJTJGdWwlM0U=[\/vc_raw_html][vc_raw_html el_class=&#8220;specialisms-block&#8220;]JTNDaDMlM0VQb3NpdGlvbmVuJTNDJTJGaDMlM0UlMEElMEElM0N1bCUzRSUwQSUzQ2xpJTNFRGV2ZWxvcG1lbnQlMjAlMjYlMjBRQSUzQyUyRmxpJTNFJTBBJTNDbGklM0VEYXRhJTIwJTI2JTIwQW5hbHl0aWNzJTNDJTJGbGklM0UlMEElM0NsaSUzRUVtYmVkZGVkJTIwJTI2JTIwRWxlY3Ryb25pY3MlM0MlMkZsaSUzRSUwQSUzQ2xpJTNFU2VjdXJpdHklMkMlMjBDbG91ZCUyMCUyNiUyMEluZnJhJTNDJTJGbGklM0UlMEElM0NsaSUzRVByb2plY3QlMjBNYW5hZ2VtZW50JTNDJTJGbGklM0UlMEElM0NsaSUzRU9wZXJhdGlvbnMlM0MlMkZsaSUzRSUwQSUzQ2xpJTNFUHJvZHVjdCUyMCUyNiUyMERlc2lnbiUzQyUyRmxpJTNFJTBBJTNDbGklM0VDaGFuZ2UlMjAlMjYlMjBUcmFuc2Zvcm1hdGlvbiUzQyUyRmxpJTNFJTBBJTNDbGklM0VFeGVjdXRpdmUlMjAlMjYlMjBMZWFkZXJzaGlwJTIwJTNDJTJGbGklM0UlMEElM0MlMkZ1bCUzRQ==[\/vc_raw_html][\/vc_column][vc_column width=&#8220;1\/3&#8243;][\/vc_column][\/vc_row]<\/p>\n","protected":false},"author":8,"featured_media":0,"parent":8043,"menu_order":0,"comment_status":"closed","ping_status":"closed","template":"","meta":{"footnotes":""},"class_list":["post-12767","page","type-page","status-publish","hentry"],"yoast_head":"<!-- This site is optimized with the Yoast SEO Premium plugin v27.4 (Yoast SEO v27.4) - https:\/\/yoast.com\/product\/yoast-seo-premium-wordpress\/ -->\n<title>Consumer Markets - X4 Technology<\/title>\n<meta name=\"description\" content=\"Wir widmen uns der Unterst\u00fctzung von Unternehmen im dynamischen und sich st\u00e4ndig weiterentwickelnden Verbraucherm\u00e4rkten-Bereich.\" \/>\n<meta name=\"robots\" content=\"index, follow, max-snippet:-1, max-image-preview:large, max-video-preview:-1\" \/>\n<link rel=\"canonical\" href=\"https:\/\/www.x4-technology.com\/de\/kundendienste\/consumer-markets\/\" \/>\n<meta property=\"og:locale\" content=\"de_DE\" \/>\n<meta property=\"og:type\" content=\"article\" \/>\n<meta property=\"og:title\" content=\"Consumer Markets - X4 Technology\" \/>\n<meta property=\"og:description\" content=\"Wir widmen uns der Unterst\u00fctzung von Unternehmen im dynamischen und sich st\u00e4ndig weiterentwickelnden Verbraucherm\u00e4rkten-Bereich.\" \/>\n<meta property=\"og:url\" content=\"https:\/\/www.x4-technology.com\/de\/kundendienste\/consumer-markets\/\" \/>\n<meta property=\"og:site_name\" content=\"X4 Technology\" \/>\n<meta property=\"article:modified_time\" content=\"2023-03-14T15:24:09+00:00\" \/>\n<meta name=\"twitter:card\" content=\"summary_large_image\" \/>\n<meta name=\"twitter:label1\" content=\"Est. reading time\" \/>\n\t<meta name=\"twitter:data1\" content=\"1 Minute\" \/>\n<script type=\"application\/ld+json\" class=\"yoast-schema-graph\">{\"@context\":\"https:\\\/\\\/schema.org\",\"@graph\":[{\"@type\":\"WebPage\",\"@id\":\"https:\\\/\\\/www.x4-technology.com\\\/de\\\/kundendienste\\\/consumer-markets\\\/\",\"url\":\"https:\\\/\\\/www.x4-technology.com\\\/de\\\/kundendienste\\\/consumer-markets\\\/\",\"name\":\"Consumer Markets - X4 Technology\",\"isPartOf\":{\"@id\":\"https:\\\/\\\/www.x4-technology.com\\\/#website\"},\"datePublished\":\"2023-03-08T09:43:00+00:00\",\"dateModified\":\"2023-03-14T15:24:09+00:00\",\"description\":\"Wir widmen uns der Unterst\u00fctzung von Unternehmen im dynamischen und sich st\u00e4ndig weiterentwickelnden Verbraucherm\u00e4rkten-Bereich.\",\"breadcrumb\":{\"@id\":\"https:\\\/\\\/www.x4-technology.com\\\/de\\\/kundendienste\\\/consumer-markets\\\/#breadcrumb\"},\"inLanguage\":\"de-DE\",\"potentialAction\":[{\"@type\":\"ReadAction\",\"target\":[\"https:\\\/\\\/www.x4-technology.com\\\/de\\\/kundendienste\\\/consumer-markets\\\/\"]}]},{\"@type\":\"BreadcrumbList\",\"@id\":\"https:\\\/\\\/www.x4-technology.com\\\/de\\\/kundendienste\\\/consumer-markets\\\/#breadcrumb\",\"itemListElement\":[{\"@type\":\"ListItem\",\"position\":1,\"name\":\"Kundendienste\",\"item\":\"https:\\\/\\\/www.x4-technology.com\\\/de\\\/kundendienste\\\/\"},{\"@type\":\"ListItem\",\"position\":2,\"name\":\"Consumer Markets\"}]},{\"@type\":\"WebSite\",\"@id\":\"https:\\\/\\\/www.x4-technology.com\\\/#website\",\"url\":\"https:\\\/\\\/www.x4-technology.com\\\/\",\"name\":\"X4 Technology\",\"description\":\"Technology Recruitment Specialists\",\"potentialAction\":[{\"@type\":\"SearchAction\",\"target\":{\"@type\":\"EntryPoint\",\"urlTemplate\":\"https:\\\/\\\/www.x4-technology.com\\\/?s={search_term_string}\"},\"query-input\":{\"@type\":\"PropertyValueSpecification\",\"valueRequired\":true,\"valueName\":\"search_term_string\"}}],\"inLanguage\":\"de-DE\"}]}<\/script>\n<!-- \/ Yoast SEO Premium plugin. -->","yoast_head_json":{"title":"Consumer Markets - X4 Technology","description":"Wir widmen uns der Unterst\u00fctzung von Unternehmen im dynamischen und sich st\u00e4ndig weiterentwickelnden Verbraucherm\u00e4rkten-Bereich.","robots":{"index":"index","follow":"follow","max-snippet":"max-snippet:-1","max-image-preview":"max-image-preview:large","max-video-preview":"max-video-preview:-1"},"canonical":"https:\/\/www.x4-technology.com\/de\/kundendienste\/consumer-markets\/","og_locale":"de_DE","og_type":"article","og_title":"Consumer Markets - X4 Technology","og_description":"Wir widmen uns der Unterst\u00fctzung von Unternehmen im dynamischen und sich st\u00e4ndig weiterentwickelnden Verbraucherm\u00e4rkten-Bereich.","og_url":"https:\/\/www.x4-technology.com\/de\/kundendienste\/consumer-markets\/","og_site_name":"X4 Technology","article_modified_time":"2023-03-14T15:24:09+00:00","twitter_card":"summary_large_image","twitter_misc":{"Est. reading time":"1 Minute"},"schema":{"@context":"https:\/\/schema.org","@graph":[{"@type":"WebPage","@id":"https:\/\/www.x4-technology.com\/de\/kundendienste\/consumer-markets\/","url":"https:\/\/www.x4-technology.com\/de\/kundendienste\/consumer-markets\/","name":"Consumer Markets - X4 Technology","isPartOf":{"@id":"https:\/\/www.x4-technology.com\/#website"},"datePublished":"2023-03-08T09:43:00+00:00","dateModified":"2023-03-14T15:24:09+00:00","description":"Wir widmen uns der Unterst\u00fctzung von Unternehmen im dynamischen und sich st\u00e4ndig weiterentwickelnden Verbraucherm\u00e4rkten-Bereich.","breadcrumb":{"@id":"https:\/\/www.x4-technology.com\/de\/kundendienste\/consumer-markets\/#breadcrumb"},"inLanguage":"de-DE","potentialAction":[{"@type":"ReadAction","target":["https:\/\/www.x4-technology.com\/de\/kundendienste\/consumer-markets\/"]}]},{"@type":"BreadcrumbList","@id":"https:\/\/www.x4-technology.com\/de\/kundendienste\/consumer-markets\/#breadcrumb","itemListElement":[{"@type":"ListItem","position":1,"name":"Kundendienste","item":"https:\/\/www.x4-technology.com\/de\/kundendienste\/"},{"@type":"ListItem","position":2,"name":"Consumer Markets"}]},{"@type":"WebSite","@id":"https:\/\/www.x4-technology.com\/#website","url":"https:\/\/www.x4-technology.com\/","name":"X4 Technology","description":"Technology Recruitment Specialists","potentialAction":[{"@type":"SearchAction","target":{"@type":"EntryPoint","urlTemplate":"https:\/\/www.x4-technology.com\/?s={search_term_string}"},"query-input":{"@type":"PropertyValueSpecification","valueRequired":true,"valueName":"search_term_string"}}],"inLanguage":"de-DE"}]}},"_links":{"self":[{"href":"https:\/\/www.x4-technology.com\/de\/wp-json\/wp\/v2\/pages\/12767","targetHints":{"allow":["GET"]}}],"collection":[{"href":"https:\/\/www.x4-technology.com\/de\/wp-json\/wp\/v2\/pages"}],"about":[{"href":"https:\/\/www.x4-technology.com\/de\/wp-json\/wp\/v2\/types\/page"}],"author":[{"embeddable":true,"href":"https:\/\/www.x4-technology.com\/de\/wp-json\/wp\/v2\/users\/8"}],"replies":[{"embeddable":true,"href":"https:\/\/www.x4-technology.com\/de\/wp-json\/wp\/v2\/comments?post=12767"}],"version-history":[{"count":4,"href":"https:\/\/www.x4-technology.com\/de\/wp-json\/wp\/v2\/pages\/12767\/revisions"}],"predecessor-version":[{"id":12833,"href":"https:\/\/www.x4-technology.com\/de\/wp-json\/wp\/v2\/pages\/12767\/revisions\/12833"}],"up":[{"embeddable":true,"href":"https:\/\/www.x4-technology.com\/de\/wp-json\/wp\/v2\/pages\/8043"}],"wp:attachment":[{"href":"https:\/\/www.x4-technology.com\/de\/wp-json\/wp\/v2\/media?parent=12767"}],"curies":[{"name":"wp","href":"https:\/\/api.w.org\/{rel}","templated":true}]}}